{"id":10651,"date":"2025-01-15T09:25:11","date_gmt":"2025-01-15T08:25:11","guid":{"rendered":"https:\/\/3d-skeneri.com\/?page_id=10651"},"modified":"2025-07-25T12:56:49","modified_gmt":"2025-07-25T11:56:49","slug":"softverska_aplikacija_weld_check","status":"publish","type":"page","link":"https:\/\/3d-skeneri.com\/hr\/softverska_aplikacija_weld_check\/","title":{"rendered":"Softverska aplikacija Weld Check"},"content":{"rendered":"\n\n\t<h3>Weld Check<\/h3>\n<h3>Jednostavna i digitalna vizualna inspekcija zavara.<\/h3>\n\t\t\t<a  href=\"https:\/\/www.youtube.com\/watch?v=gKsxPewdW1o\" target=\"_self\" role=\"button\" data-popup-type=\"iframe\">\n\t\t\t\t\t\tPogledajte video\n\t\t<\/a>\n\t\t\t\t<img decoding=\"async\" src=\"https:\/\/3d-skeneri.com\/wp-content\/uploads\/2025\/01\/weld_check_vizualan_inspekcija_zavara.png\" alt=\"weld_check_vizualan_inspekcija_zavara\" itemprop=\"image\" height=\"576\" width=\"1024\" title=\"weld_check_vizualan_inspekcija_zavara\" onerror=\"this.style.display='none'\" loading='lazy' \/>\n\t<p><strong>Softverska aplikacija Weld Check<\/strong><\/p>\n<p>Weld Check softverska aplikacija donosi naprednu automatizaciju u vizualnoj inspekciji zavarenih spojeva. Jednim klikom mo\u017eete analizirati zavare u 3D skenu, u skladu sa svim zahtjevima norme DIN EN ISO 5817. Osim toga, aplikacija omogu\u0107uje inspektorima jednostavno kreiranje detaljnih izvje\u0161taja o svim klju\u010dnim karakteristikama zavara. Ova funkcionalnost digitalizira proces inspekcije, omogu\u0107uje pra\u0107enje svih analiza i osigurava ve\u0107u to\u010dnost i u\u010dinkovitost u kontroli kvalitete zavarenih spojeva.<\/p>\n<h2>\n\t\t\tAplikacija Weld Check: nova razina&#8230;\t<\/h2>\n\t\t\t\t<img decoding=\"async\" src=\"https:\/\/3d-skeneri.com\/wp-content\/uploads\/2025\/01\/weld_check_fleksibilnost.png\" alt=\"weld_check_fleksibilnost\" itemprop=\"image\" height=\"120\" width=\"120\" title=\"weld_check_fleksibilnost\" onerror=\"this.style.display='none'\" loading='lazy' \/>\n<h3><strong>Fleksibilnosti<\/strong><\/h3>\n<p>ZEISS INSPECT Pro softver omogu\u0107uje pohranu referentnih podataka koji se koriste za provjeru polo\u017eaja i cjelovitosti zavarenih spojeva. Ova referenca ne samo da osigurava preciznu kontrolu kvalitete, ve\u0107 mo\u017ee poslu\u017eiti i kao predlo\u017eak za serijska testiranja. Na taj na\u010din optimizirate procese inspekcije i pove\u0107avate u\u010dinkovitost kod ponovljivih zadataka.<\/p>\n\t\t\t\t<img decoding=\"async\" src=\"https:\/\/3d-skeneri.com\/wp-content\/uploads\/2025\/01\/weld_check_funkcionalnost.png\" alt=\"weld_check_funkcionalnost\" itemprop=\"image\" height=\"120\" width=\"120\" title=\"weld_check_funkcionalnost\" onerror=\"this.style.display='none'\" loading='lazy' \/>\n\t<h3>Funkcionalnosti<\/h3>\n<p>Smanjite ru\u010dni rad i postignite br\u017ee rezultate uz aplikaciju Weld Check u Pro verziji ZEISS INSPECT softvera. Ova funkcija omogu\u0107uje inspekciju bilo koje komponente i njenih zavarenih spojeva, pru\u017eaju\u0107i preciznu i u\u010dinkovitu kontrolu kvalitete.<\/p>\n\t\t\t\t<img decoding=\"async\" src=\"https:\/\/3d-skeneri.com\/wp-content\/uploads\/2025\/01\/weld_check_optimizirani_procesi.png\" alt=\"weld_check_optimizirani_procesi\" itemprop=\"image\" height=\"120\" width=\"120\" title=\"weld_check_optimizirani_procesi\" onerror=\"this.style.display='none'\" loading='lazy' \/>\n\t<h3>Optimiziranih procesa<\/h3>\n<p>Aplikacija Weld Check ne samo da zna\u010dajno \u0161tedi vrijeme, ve\u0107 i digitalizira proces vizualne inspekcije. Na taj se na\u010din svi koraci i rezultati inspekcije mogu bilje\u017eiti i pratiti tijekom vremena te se mogu standardizirati, \u0161to doprinosi ve\u0107oj u\u010dinkovitosti i dosljednosti u kontroli kvalitete.<\/p>\n<h1>\n\t\t\tTri prednosti koje \u010dine razliku\t<\/h1>\n\t\t\t\t<img decoding=\"async\" src=\"https:\/\/3d-skeneri.com\/wp-content\/uploads\/2025\/01\/manje_rucnog_rada_uz_weld_check_aplikaciju_ZEISS_INSPECT_Pro.png\" alt=\"manje_rucnog_rada_uz_weld_check_aplikaciju_ZEISS_INSPECT_Pro\" itemprop=\"image\" height=\"573\" width=\"1024\" title=\"manje_rucnog_rada_uz_weld_check_aplikaciju_ZEISS_INSPECT_Pro\" onerror=\"this.style.display='none'\" loading='lazy' \/>\n\t<h2><strong>Manje ru\u010dnog rada<\/strong><\/h2>\n<p>Zaboravite na ru\u010dno mjerenje. Zavareni spoj koji treba pregledati jednostavno se skenira 3D skenerom, a zatim se u Pro verziji ZEISS INSPECT-a precizno evaluira pomo\u0107u aplikacije Weld Check.<\/p>\n<h2 id=\"Jedinstveno softversko su\u010delje za sva va\u0161a izazovna mjerenja\"><strong>Detaljna i jednostavna inspekcija zavara<\/strong><\/h2>\n<p>Jednim klikom mi\u0161a, sve karakteristike prema DIN EN ISO 5817 normi mogu se ne samo pregledati, ve\u0107 i automatski klasificirati prema odgovaraju\u0107im evaluacijskim grupama. Uz pomo\u0107 jednostavnog sustava semafora, odmah mo\u017eete vidjeti ispunjavaju li zavare tra\u017eene uvjete.<\/p>\n\t\t\t\t<img decoding=\"async\" src=\"https:\/\/3d-skeneri.com\/wp-content\/uploads\/2025\/01\/detaljna_inspekcija_zavar_pomocu_weld_check_aplikacije.png\" alt=\"detaljna_inspekcija_zavar_pomocu_weld_check_aplikacije\" itemprop=\"image\" height=\"546\" width=\"1024\" title=\"detaljna_inspekcija_zavar_pomocu_weld_check_aplikacije\" onerror=\"this.style.display='none'\" loading='lazy' \/>\n\t\t\t\t<img decoding=\"async\" src=\"https:\/\/3d-skeneri.com\/wp-content\/uploads\/2025\/01\/generiranje_izvjestaja_aplikacijom_weld_check.png\" alt=\"generiranje_izvje\u0161taja_aplikacijom_weld_check\" itemprop=\"image\" height=\"576\" width=\"1024\" title=\"generiranje_izvje\u0161taja_aplikacijom_weld_check\" onerror=\"this.style.display='none'\" loading='lazy' \/>\n\t<h2>Izvje\u0161taji<\/h2>\n<p>Pra\u0107enje i digitalizacija vizualne inspekcije nikad nisu bili jednostavniji: mogu se generirati kako op\u0107i izvje\u0161taji, tako i detaljni izvje\u0161taji za pojedine aspekte inspekcije.<\/p>\n\t\t<iframe loading=\"lazy\" width=\"1333\" height=\"750\" src=\"https:\/\/www.youtube.com\/embed\/gKsxPewdW1o\" title=\"YouTube video player\" frameborder=\"0\" allow=\"accelerometer; autoplay; clipboard-write; encrypted-media; gyroscope; picture-in-picture\" allowfullscreen><\/iframe>\t\n\t<h1>Jo\u0161 mo\u0107nija verzija softvera &#8211; ZEISS INSPECT Pro<\/h1>\n\t<h4>Zna\u010dajke<\/h4>\n\t<h4>ZEISS INSPECT Pro<br \/>\n(Puna verzija)<\/h4>\n\t<h4>Ure\u0111ivanje projekata<\/h4>\n\t<p><img loading=\"lazy\" decoding=\"async\" src=\"http:\/\/3d-skeneri.com\/staging\/\/wp-content\/uploads\/2021\/03\/kvacica.jpg\" alt=\"\" width=\"40\" height=\"40\" \/><\/p>\n\t<h4>Uvoz CAD modela<\/h4>\n\t<p><img loading=\"lazy\" decoding=\"async\" src=\"http:\/\/3d-skeneri.com\/staging\/\/wp-content\/uploads\/2021\/03\/kvacica.jpg\" alt=\"\" width=\"40\" height=\"40\" \/><\/p>\n\t<h4>Ure\u0111ivanje mre\u017ee<\/h4>\n\t<p><img loading=\"lazy\" decoding=\"async\" src=\"http:\/\/3d-skeneri.com\/staging\/\/wp-content\/uploads\/2021\/03\/kvacica.jpg\" alt=\"\" width=\"40\" height=\"40\" \/><\/p>\n\t<h4>Izrada izvje\u0161taja<\/h4>\n\t<p><img loading=\"lazy\" decoding=\"async\" src=\"http:\/\/3d-skeneri.com\/staging\/\/wp-content\/uploads\/2021\/03\/kvacica.jpg\" alt=\"\" width=\"40\" height=\"40\" \/><\/p>\n\t<h4>3D inspekcija<\/h4>\n\t<p><img loading=\"lazy\" decoding=\"async\" src=\"http:\/\/3d-skeneri.com\/staging\/\/wp-content\/uploads\/2021\/03\/kvacica.jpg\" alt=\"\" width=\"40\" height=\"40\" \/><\/p>\n\t<h4>Pro verzija ZEISS INSPECT softvera<\/h4>\n<p>Isprobajte besplatno 30-dnevnu probnu verziju.<\/p>\n\t\t\t<a  href=\"https:\/\/b2c.zeiss.com\/b2c.zeiss.com\/oauth2\/v2.0\/authorize?p=B2C_1A_ZeissIdNormalSignIn&#038;client_id=40eb2b3d-ddf2-4b20-8a89-b3df2a3e571e&#038;redirect_uri=https%3A%2F%2Fid-ip.zeiss.com%2FOAuth%2FAuthorizeCallBack&#038;response_type=code+id_token&#038;response_mode=query&#038;scope=openid+40eb2b3d-ddf2-4b20-8a89-b3df2a3e571e+offline_access&#038;state=CfDJ8OxLmZ0QDahNofUCAnarTvNn2XceEe4k2e8CoEXVouXdQxNCu0HDTeeAGW42OnQnqph2cQkR0BpexuUiw58TKSW4GC9tFv5thK_E9Y6ToaEvPmIGBDjDCDPPkntHliz06xghvWUOWd9ltZWFbBDbhzgJRsaudTypEzMDJTTi87Df71QvM2cGn1vT6LiR-JO2Gkx8hv2VkMq9UsjuNXXgYyVnW7zQwM9qz9V56KKcDhCyb2MUEsRdqqPKwYm5XNX58trCbg-TrdJIgwapZnsV6Yg&#038;ui_locales=en\" target=\"_blank\" role=\"button\" rel=\"noopener\">\n\t\t\t\t\t\tPreuzmite\n\t\t<\/a>\n\t<h2>\u017delite znati vi\u0161e o softverskoj aplikaciji Weld Check?<\/h2>\n\t\t\t<a  href=\"https:\/\/3d-skeneri.com\/hr\/zatrazi-ponudu\/\" target=\"_blank\" role=\"button\" rel=\"noopener\">\n\t\t\t\t\t\tPo\u0161aljite upit\n\t\t<\/a>\n\t<h3>Pogledajte na\u0161e najnovije videozapise<\/h3>\n<h4><a href=\"https:\/\/3d-skeneri.com\/hr\/videozapisi\/#Maker_Portraits\">Portreti proizvo\u0111a\u010da<\/a>\u00a0&#8211;\u00a0<a href=\"https:\/\/3d-skeneri.com\/hr\/videozapisi\/#tscanhawk\">T-SCAN hawk 2<\/a>\u00a0&#8211;\u00a0<a href=\"https:\/\/3d-skeneri.com\/hr\/videozapisi\/#GOM_Scan_1\">GOM Scan 1\u00a0<\/a>&#8211;\u00a0<a href=\"https:\/\/3d-skeneri.com\/hr\/videozapisi\/#ATOS_Q\">ATOS Q\u00a0<\/a>&#8211; <a href=\"https:\/\/3d-skeneri.com\/hr\/zeiss_scanport\/\">ZEISS ScanPort <\/a>&#8211;\u00a0<a href=\"https:\/\/3d-skeneri.com\/hr\/videozapisi\/#CT_ZEISS_METROTOM_1\">CT METROTOM 1<\/a>&#8211;\u00a0<a href=\"https:\/\/3d-skeneri.com\/hr\/videozapisi\/#ZEISS_softveri\">ZEISS Softveri<\/a><\/h4>\n<p>&nbsp;<\/p>\n\n","protected":false},"excerpt":{"rendered":"<p>Weld Check Jednostavna i digitalna vizualna inspekcija zavara. Pogledajte video Softverska aplikacija Weld Check Weld Check softverska aplikacija donosi naprednu automatizaciju u vizualnoj inspekciji zavarenih spojeva. Jednim klikom mo\u017eete analizirati zavare u 3D skenu, u skladu sa svim zahtjevima norme DIN EN ISO 5817. Osim toga, aplikacija omogu\u0107uje inspektorima jednostavno [&hellip;]<\/p>\n","protected":false},"author":11,"featured_media":0,"parent":0,"menu_order":0,"comment_status":"closed","ping_status":"closed","template":"","meta":{"inline_featured_image":false,"footnotes":""},"class_list":["post-10651","page","type-page","status-publish","hentry"],"aioseo_notices":[],"_links":{"self":[{"href":"https:\/\/3d-skeneri.com\/hr\/wp-json\/wp\/v2\/pages\/10651","targetHints":{"allow":["GET"]}}],"collection":[{"href":"https:\/\/3d-skeneri.com\/hr\/wp-json\/wp\/v2\/pages"}],"about":[{"href":"https:\/\/3d-skeneri.com\/hr\/wp-json\/wp\/v2\/types\/page"}],"author":[{"embeddable":true,"href":"https:\/\/3d-skeneri.com\/hr\/wp-json\/wp\/v2\/users\/11"}],"replies":[{"embeddable":true,"href":"https:\/\/3d-skeneri.com\/hr\/wp-json\/wp\/v2\/comments?post=10651"}],"version-history":[{"count":9,"href":"https:\/\/3d-skeneri.com\/hr\/wp-json\/wp\/v2\/pages\/10651\/revisions"}],"predecessor-version":[{"id":11143,"href":"https:\/\/3d-skeneri.com\/hr\/wp-json\/wp\/v2\/pages\/10651\/revisions\/11143"}],"wp:attachment":[{"href":"https:\/\/3d-skeneri.com\/hr\/wp-json\/wp\/v2\/media?parent=10651"}],"curies":[{"name":"wp","href":"https:\/\/api.w.org\/{rel}","templated":true}]}}