{"id":7142,"date":"2021-05-31T09:53:30","date_gmt":"2021-05-31T08:53:30","guid":{"rendered":"https:\/\/3d-skeneri.com\/pomoc-i-podrska\/"},"modified":"2025-06-24T07:52:50","modified_gmt":"2025-06-24T06:52:50","slug":"pomoc-i-podrska","status":"publish","type":"page","link":"https:\/\/3d-skeneri.com\/hr\/pomoc-i-podrska\/","title":{"rendered":"Pomo\u0107 i podr\u0161ka"},"content":{"rendered":"\n\n\t\t\t\t\t\t\t\t\n<h2>Molimo \u0161to detaljnije ispunite formular s konkretnim informacijama kako bismo vam mogli pru\u017eiti \u0161to bolju podr\u0161ku.<\/h2>\n\t\n\t<h4><strong>Prijavite se na na\u0161 newsletter<\/strong><\/h4>\n<h2>Prvi saznajte novosti iz svijeta 3D skeniranja<\/h2>\n\t\n<div class=\"wpcf7 no-js\" id=\"wpcf7-f6735-o1\" lang=\"hr\" dir=\"ltr\" data-wpcf7-id=\"6735\">\n<div class=\"screen-reader-response\"><p role=\"status\" aria-live=\"polite\" aria-atomic=\"true\"><\/p> <ul><\/ul><\/div>\n<form action=\"\/hr\/wp-json\/wp\/v2\/pages\/7142#wpcf7-f6735-o1\" method=\"post\" class=\"wpcf7-form init\" aria-label=\"Kontakt obrazac\" novalidate=\"novalidate\" data-status=\"init\">\n<fieldset class=\"hidden-fields-container\"><input type=\"hidden\" name=\"_wpcf7\" value=\"6735\" \/><input type=\"hidden\" name=\"_wpcf7_version\" value=\"6.1.6\" \/><input type=\"hidden\" name=\"_wpcf7_locale\" value=\"hr\" \/><input type=\"hidden\" name=\"_wpcf7_unit_tag\" value=\"wpcf7-f6735-o1\" \/><input type=\"hidden\" name=\"_wpcf7_container_post\" value=\"0\" \/><input type=\"hidden\" name=\"_wpcf7_posted_data_hash\" value=\"\" \/><input type=\"hidden\" name=\"_wpcf7_recaptcha_response\" value=\"\" \/>\n<\/fieldset>\n<div class=\"newsletterbox\">\n\t<div class=\"emailfield\">\n\t\t<p><span class=\"wpcf7-form-control-wrap\" data-name=\"your-email\"><input size=\"40\" maxlength=\"400\" class=\"wpcf7-form-control wpcf7-email wpcf7-validates-as-required wpcf7-text wpcf7-validates-as-email\" aria-required=\"true\" aria-invalid=\"false\" placeholder=\"Unesite Va\u0161 email\" value=\"\" type=\"email\" name=\"your-email\" \/><\/span><input class=\"wpcf7-form-control wpcf7-submit has-spinner\" type=\"submit\" value=\"Prijavite se\" \/>\n\t\t<\/p>\n\t<\/div>\n<\/div><div class=\"wpcf7-response-output\" aria-hidden=\"true\"><\/div>\n<\/form>\n<\/div>\n\n\t<h3>Pogledajte na\u0161e najnovije videozapise<\/h3>\n<h4><a href=\"https:\/\/3d-skeneri.com\/hr\/videozapisi\/#Maker_Portraits\">Portreti proizvo\u0111a\u010da<\/a>\u00a0&#8211;\u00a0<a href=\"https:\/\/3d-skeneri.com\/hr\/videozapisi\/#tscanhawk\">T-SCAN hawk 2<\/a>\u00a0&#8211;\u00a0<a href=\"https:\/\/3d-skeneri.com\/hr\/videozapisi\/#GOM_Scan_1\">GOM Scan 1\u00a0<\/a>&#8211;\u00a0<a href=\"https:\/\/3d-skeneri.com\/hr\/videozapisi\/#ATOS_Q\">ATOS Q\u00a0<\/a>&#8211; <a href=\"https:\/\/3d-skeneri.com\/hr\/zeiss_scanport\/\">ZEISS ScanPort <\/a>&#8211;\u00a0<a href=\"https:\/\/3d-skeneri.com\/hr\/videozapisi\/#CT_ZEISS_METROTOM_1\">CT METROTOM 1<\/a>&#8211;\u00a0<a href=\"https:\/\/3d-skeneri.com\/hr\/videozapisi\/#ZEISS_softveri\">ZEISS Softveri<\/a><\/h4>\n<p>&nbsp;<\/p>\n\n","protected":false},"excerpt":{"rendered":"<p>Molimo \u0161to detaljnije ispunite formular s konkretnim informacijama kako bismo vam mogli pru\u017eiti \u0161to bolju podr\u0161ku. Prijavite se na na\u0161 newsletter Prvi saznajte novosti iz svijeta 3D skeniranja Pogledajte na\u0161e najnovije videozapise Portreti proizvo\u0111a\u010da\u00a0&#8211;\u00a0T-SCAN hawk 2\u00a0&#8211;\u00a0GOM Scan 1\u00a0&#8211;\u00a0ATOS Q\u00a0&#8211; ZEISS ScanPort &#8211;\u00a0CT METROTOM 1&#8211;\u00a0ZEISS Softveri &nbsp;<\/p>\n","protected":false},"author":1,"featured_media":0,"parent":0,"menu_order":0,"comment_status":"closed","ping_status":"closed","template":"","meta":{"inline_featured_image":false,"footnotes":""},"class_list":["post-7142","page","type-page","status-publish","hentry"],"aioseo_notices":[],"_links":{"self":[{"href":"https:\/\/3d-skeneri.com\/hr\/wp-json\/wp\/v2\/pages\/7142","targetHints":{"allow":["GET"]}}],"collection":[{"href":"https:\/\/3d-skeneri.com\/hr\/wp-json\/wp\/v2\/pages"}],"about":[{"href":"https:\/\/3d-skeneri.com\/hr\/wp-json\/wp\/v2\/types\/page"}],"author":[{"embeddable":true,"href":"https:\/\/3d-skeneri.com\/hr\/wp-json\/wp\/v2\/users\/1"}],"replies":[{"embeddable":true,"href":"https:\/\/3d-skeneri.com\/hr\/wp-json\/wp\/v2\/comments?post=7142"}],"version-history":[{"count":21,"href":"https:\/\/3d-skeneri.com\/hr\/wp-json\/wp\/v2\/pages\/7142\/revisions"}],"predecessor-version":[{"id":11111,"href":"https:\/\/3d-skeneri.com\/hr\/wp-json\/wp\/v2\/pages\/7142\/revisions\/11111"}],"wp:attachment":[{"href":"https:\/\/3d-skeneri.com\/hr\/wp-json\/wp\/v2\/media?parent=7142"}],"curies":[{"name":"wp","href":"https:\/\/api.w.org\/{rel}","templated":true}]}}