{"id":7147,"date":"2021-05-31T11:31:34","date_gmt":"2021-05-31T10:31:34","guid":{"rendered":"https:\/\/3d-skeneri.com\/sessions\/"},"modified":"2025-09-18T12:21:32","modified_gmt":"2025-09-18T11:21:32","slug":"videozapisi","status":"publish","type":"page","link":"https:\/\/3d-skeneri.com\/hr\/videozapisi\/","title":{"rendered":"Videozapisi"},"content":{"rendered":"\n\n\t<h4>Portreti proizvo\u0111a\u010da<\/h4>\n\n\t<h1>\n\t\t\t\t\t<a href=\"https:\/\/3d-skeneri.com\/hr\/project\/huck-cycles-kontrola-kvalitete-elektricnih-motocikala\/\" title=\"Primjena 3D tehnologije u arheologiji\" target=\"_self\">\n\t\t\t\t\t\tPrimjena 3D tehnologije u arheologiji\n\t\t\t\t\t\t<\/a>\n\t\t\t<\/h1>\n\t\t\t<a  href=\"https:\/\/www.youtube.com\/watch?v=8t8hK0Xyn6s\" target=\"_self\" role=\"button\" data-popup-type=\"iframe\">\n\t\t\t\t\t\tPogledajte video\n\t\t<\/a>\n\t<h2>\n\t\t\t\t\t<br \/>Kako skenirati velike objekte od nekoliko metara uz pomo\u0107 novog satelitskog moda?\n\t\t\t\t<\/h2>\n\t\t\t<a  href=\"https:\/\/youtu.be\/Pr9pjzFMmdU?feature=shared\" target=\"_self\" role=\"button\" data-popup-type=\"iframe\">\n\t\t\t\t\t\tPogledajte video\n\t\t<\/a>\n\t\t\t\t<img decoding=\"async\" src=\"https:\/\/3d-skeneri.com\/wp-content\/uploads\/2024\/03\/3d_skeniranje_u_pogonu_satelit_hawk_2.jpg\" alt=\"3D skeniranje u pogonu satelitsko prikupljanje mjernih to\u010daka\" itemprop=\"image\" height=\"527\" width=\"803\" title=\"3D skeniranje u pogonu satelitsko prikupljanje mjernih to\u010daka\" onerror=\"this.style.display='none'\" loading=\"lazy\" \/>\n<h2  id=\"tscanhawk\">\n\t\t\tT-SCAN hawk 2\t<\/h2>\n<h2  id=\"GOM_Scan_1\">\n\t\t\tGOM Scan 1\t<\/h2>\n<h2  id=\"ATOS_Q\">\n\t\t\tATOS Q\t<\/h2>\n<h2  id=\"CT_ZEISS_METROTOM_1\">\n\t\t\tCT ZEISS METROTOM 1\t<\/h2>\n\t<h2>\n\t\t\t\t\tNabavite 3D softver,  zapo\u010dnite projekt.\n\t\t\t\t<\/h2>\n\t\t\t<a  href=\"https:\/\/3d-skeneri.com\/hr\/preuzimanje\/\" target=\"_self\" role=\"button\">\n\t\t\t\t\t\tPreuzmite sada\n\t\t<\/a>\n\t<h1  id=\"ZEISS_softveri\">\n\t\t\tZEISS softveri\t<\/h1>\n<h2  id=\"ZEISS_Inspect\">\n\t\t\tZEISS Inspect\t<\/h2>\n\n","protected":false},"excerpt":{"rendered":"<p>Portreti proizvo\u0111a\u010da Primjena 3D tehnologije u arheologiji Pogledajte video Kako skenirati velike objekte od nekoliko metara uz pomo\u0107 novog satelitskog moda? Pogledajte video T-SCAN hawk 2 GOM Scan 1 ATOS Q CT ZEISS METROTOM 1 Nabavite 3D softver, zapo\u010dnite projekt. Preuzmite sada ZEISS softveri ZEISS Inspect<\/p>\n","protected":false},"author":1,"featured_media":0,"parent":0,"menu_order":0,"comment_status":"closed","ping_status":"closed","template":"page-templates\/full-width-bb.php","meta":{"inline_featured_image":false,"footnotes":""},"class_list":["post-7147","page","type-page","status-publish","hentry"],"aioseo_notices":[],"_links":{"self":[{"href":"https:\/\/3d-skeneri.com\/hr\/wp-json\/wp\/v2\/pages\/7147","targetHints":{"allow":["GET"]}}],"collection":[{"href":"https:\/\/3d-skeneri.com\/hr\/wp-json\/wp\/v2\/pages"}],"about":[{"href":"https:\/\/3d-skeneri.com\/hr\/wp-json\/wp\/v2\/types\/page"}],"author":[{"embeddable":true,"href":"https:\/\/3d-skeneri.com\/hr\/wp-json\/wp\/v2\/users\/1"}],"replies":[{"embeddable":true,"href":"https:\/\/3d-skeneri.com\/hr\/wp-json\/wp\/v2\/comments?post=7147"}],"version-history":[{"count":101,"href":"https:\/\/3d-skeneri.com\/hr\/wp-json\/wp\/v2\/pages\/7147\/revisions"}],"predecessor-version":[{"id":11306,"href":"https:\/\/3d-skeneri.com\/hr\/wp-json\/wp\/v2\/pages\/7147\/revisions\/11306"}],"wp:attachment":[{"href":"https:\/\/3d-skeneri.com\/hr\/wp-json\/wp\/v2\/media?parent=7147"}],"curies":[{"name":"wp","href":"https:\/\/api.w.org\/{rel}","templated":true}]}}