{"id":7891,"date":"2023-08-22T08:28:39","date_gmt":"2023-08-22T07:28:39","guid":{"rendered":"https:\/\/3d-skeneri.com\/?page_id=7891"},"modified":"2024-09-11T11:55:25","modified_gmt":"2024-09-11T10:55:25","slug":"zatrazi-ponudu_za-3d_sustave","status":"publish","type":"page","link":"https:\/\/3d-skeneri.com\/hr\/zatrazi-ponudu_za-3d_sustave\/","title":{"rendered":"Zatra\u017eite ponudu"},"content":{"rendered":"\n\n\t\t\t\t\t\t\t\t\n\t\t\t\t\t\t\t\t\t\t<h2>\u00a0<\/h2><h2>\u00a0<\/h2>\t\t\t\t\t\t\t\t\t\n\t<h2>\u017delite li saznati vi\u0161e o 3D skenerima, mjerenju i povratnom in\u017eenjerstvu? Javite nam se i zatra\u017eite prezentaciju ili demo mjerenje.<\/h2>\n\t\n\t<h3>Podr\u0161ka<\/h3>\nE-mail: <strong><a href=\"mailto:info@topomatika.hr\">info@topomatika.hr<\/a><\/strong><br \/>\nPhone: <strong><a href=\"tel:+38513496010\">+385 1 3496 010<\/a><\/strong>\n\t<h3>Formular za podr\u0161ku<\/h3>\n\t\t\t<a href=\"https:\/\/3d-skeneri.com\/hr\/pomoc-i-podrska\/\" target=\"_self\" role=\"button\" rel=\"noopener\">\n\t\t\t\t\t\tIspunite formular\n\t\t<\/a>\n\t<h3>Pogledajte na\u0161e najnovije videozapise<\/h3>\n<h4><a href=\"https:\/\/3d-skeneri.com\/hr\/videozapisi\/#Maker_Portraits\">Portreti proizvo\u0111a\u010da<\/a>\u00a0&#8211;  <a href=\"https:\/\/3d-skeneri.com\/hr\/videozapisi\/#tscanhawk\">T-SCAN hawk 2<\/a> &#8211; <a href=\"https:\/\/3d-skeneri.com\/hr\/videozapisi\/#GOM_Scan_1\">GOM Scan 1 <\/a>&#8211;  <a href=\"http:\/\/3d-skeneri.com\/staging\/\/sessions#ATOS_Q\">ATOS Q <\/a>&#8211; <a href=\"https:\/\/3d-skeneri.com\/hr\/videozapisi\/#ZEISS_Inspect\">ZEISS INSPECT<\/a><\/h4>\n\n","protected":false},"excerpt":{"rendered":"<p>\u00a0 \u00a0 \u017delite li saznati vi\u0161e o 3D skenerima, mjerenju i povratnom in\u017eenjerstvu? Javite nam se i zatra\u017eite prezentaciju ili demo mjerenje. Podr\u0161ka E-mail: info@topomatika.hr Phone: +385 1 3496 010 Formular za podr\u0161ku Ispunite formular Pogledajte na\u0161e najnovije videozapise Portreti proizvo\u0111a\u010da\u00a0&#8211; T-SCAN hawk 2 &#8211; GOM Scan 1 &#8211; ATOS [&hellip;]<\/p>\n","protected":false},"author":1,"featured_media":0,"parent":0,"menu_order":0,"comment_status":"closed","ping_status":"closed","template":"","meta":{"inline_featured_image":false,"footnotes":""},"class_list":["post-7891","page","type-page","status-publish","hentry"],"aioseo_notices":[],"_links":{"self":[{"href":"https:\/\/3d-skeneri.com\/hr\/wp-json\/wp\/v2\/pages\/7891","targetHints":{"allow":["GET"]}}],"collection":[{"href":"https:\/\/3d-skeneri.com\/hr\/wp-json\/wp\/v2\/pages"}],"about":[{"href":"https:\/\/3d-skeneri.com\/hr\/wp-json\/wp\/v2\/types\/page"}],"author":[{"embeddable":true,"href":"https:\/\/3d-skeneri.com\/hr\/wp-json\/wp\/v2\/users\/1"}],"replies":[{"embeddable":true,"href":"https:\/\/3d-skeneri.com\/hr\/wp-json\/wp\/v2\/comments?post=7891"}],"version-history":[{"count":10,"href":"https:\/\/3d-skeneri.com\/hr\/wp-json\/wp\/v2\/pages\/7891\/revisions"}],"predecessor-version":[{"id":10142,"href":"https:\/\/3d-skeneri.com\/hr\/wp-json\/wp\/v2\/pages\/7891\/revisions\/10142"}],"wp:attachment":[{"href":"https:\/\/3d-skeneri.com\/hr\/wp-json\/wp\/v2\/media?parent=7891"}],"curies":[{"name":"wp","href":"https:\/\/api.w.org\/{rel}","templated":true}]}}