{"id":9561,"date":"2024-05-03T12:05:30","date_gmt":"2024-05-03T11:05:30","guid":{"rendered":"https:\/\/3d-skeneri.com\/?page_id=9561"},"modified":"2025-06-23T14:19:49","modified_gmt":"2025-06-23T13:19:49","slug":"ct_zeiss_metrotom_1","status":"publish","type":"page","link":"https:\/\/3d-skeneri.com\/hr\/ct_zeiss_metrotom_1\/","title":{"rendered":"CT ZEISS Metrotom 1"},"content":{"rendered":"\n\n\t<h1><strong>\u0160to se nalazi u unutra\u0161njosti uzorka?<\/strong><\/h1>\n<h3>CT ZEISS METROTOM 1 donosi jednostavnost kori\u0161tenja, precizne 3D podatke i kontrolu kvalitete vidljivih i nevidljivih povr\u0161ina.<\/h3>\n\t\t\t<a  href=\"https:\/\/youtu.be\/iign4Ky99pY\" target=\"_self\" role=\"button\" data-popup-type=\"iframe\">\n\t\t\t\t\t\tPogledajte video\n\t\t<\/a>\n\t\t\t\t<img decoding=\"async\" src=\"https:\/\/3d-skeneri.com\/wp-content\/uploads\/2024\/05\/Metrotom_1_brosura.jpg\" alt=\"Metrotom_1_brosura\" itemprop=\"image\" height=\"683\" width=\"1024\" title=\"Metrotom_1_brosura\" onerror=\"this.style.display='none'\" loading='lazy' \/>\n<h1>\n\t\t\tJedan sken, detaljna analiza\t<\/h1>\n\t<h2>Brz, intuitivan i vrlo precizan<\/h2>\n<p>CT ZEISS METROTOM 1 je va\u0161 pogled u budu\u0107nost: snimite precizne 3D podatke bez pripreme uzoraka. Pomo\u0107u tehnologije <a href=\"https:\/\/topomatika.hr\/proizvodi\/zeiss_metrotom-kompjuterska_tomografija-rendgensko_mjerenje\/\">ra\u010dunalne tomografije<\/a> mo\u017eete skenirati dijelove bez uni\u0161tavanja i pogledati \u0161to se nalazi unutra. Mjerite, analizirajte i pregledajte skrivene nedostatke i unutarnju strukturu uzoraka. U kombinaciji sa softverom ZEISS INSPECT, dose\u017ee novu dimenziju u svijetu kontrole kvalitete.<\/p>\n\t\t\t\t<img decoding=\"async\" src=\"https:\/\/3d-skeneri.com\/wp-content\/plugins\/beaver-builder-lite-version\/img\/pixel.png\" alt=\"\" itemprop=\"image\" onerror=\"this.style.display='none'\" loading='lazy' \/>\n\t\t\t\t<img decoding=\"async\" src=\"https:\/\/3d-skeneri.com\/wp-content\/uploads\/2024\/05\/Analiza_i_pregledanje_skrivene_unutarnje_strukture_Metrotom_1.jpg\" alt=\"Analiza_i_pregledanje_skrivene_unutarnje_strukture_Metrotom_1\" itemprop=\"image\" height=\"746\" width=\"1024\" title=\"Analiza_i_pregledanje_skrivene_unutarnje_strukture_Metrotom_1\" onerror=\"this.style.display='none'\" loading='lazy' \/>\n\t\t\t\t<img decoding=\"async\" src=\"https:\/\/3d-skeneri.com\/wp-content\/uploads\/2024\/05\/pokretanje_procesa_mjerenja_Metrotom_1.jpg\" alt=\"CREATOR: gd-jpeg v1.0 (using IJG JPEG v80), quality = 82\" itemprop=\"image\" height=\"688\" width=\"1024\" title=\"CREATOR: gd-jpeg v1.0 (using IJG JPEG v80), quality = 82\" onerror=\"this.style.display='none'\" loading='lazy' \/>\n\t<h2>Kompaktan i jednostavan sustav za CT mjerenje<\/h2>\n<p>Zbog kompaktnih dimenzija METROTOM 1 se lako uklapa u svaki prostor. Jednostavan je za rukovanje zbog \u010dega korisnicima omogu\u0107uje pokretanje procesa mjerenja i prikupljanje preciznih podataka bez obzira na njihovo predznanje ili stru\u010dnost. <a href=\"https:\/\/topomatika.hr\/proizvodi\/zeiss_metrotom-kompjuterska_tomografija-rendgensko_mjerenje\/\">CT mjerenje<\/a> unutar vlastite organizacije ili tvrtke je sa METROTOM 1 sustavom udaljeno na jedan klik gumba. Kako bi smanjili tro\u0161kove odr\u017eavanja, ovaj kompaktni sustav dolazi sa zatvorenim izvorom zra\u010denja koji je lako zamjenjiv.<\/p>\n\t<h2>Snimite 3D podatke bez pripreme uzoraka<\/h2>\n<p>Pomo\u0107u CT METROTOM 1 sustava mo\u017eete pregledati unutarnju strukturu i nedostatke onoga \u0161to skenirate, a da pritom ne do\u0111e do razaranja uzorka. Prije samog mjerenja nije potrebno uraditi nikakvu posebnu pripremu dijelova a dok sustav skenira sljede\u0107i uzorak, Vi se mo\u017eete fokusirati na mjerenje ili povratni in\u017eenjering prethodno obra\u0111enih dijelova.<\/p>\n\t\t\t\t<img decoding=\"async\" src=\"https:\/\/3d-skeneri.com\/wp-content\/uploads\/2024\/05\/pomocu_METROTOM_1_pregledajte_unutarnju_strukturu-i-nedostatke_bez_razaranja.jpg\" alt=\"CREATOR: gd-jpeg v1.0 (using IJG JPEG v80), quality = 82\" itemprop=\"image\" height=\"688\" width=\"1024\" title=\"CREATOR: gd-jpeg v1.0 (using IJG JPEG v80), quality = 82\" onerror=\"this.style.display='none'\" loading='lazy' \/>\n\t\t\t\t<img decoding=\"async\" src=\"https:\/\/3d-skeneri.com\/wp-content\/uploads\/2024\/05\/mjerenje_vise_dijelova_u_isto_vrijeme_znacajka_Metrotom_1-2.jpg\" alt=\"CREATOR: gd-jpeg v1.0 (using IJG JPEG v80), quality = 82\" itemprop=\"image\" height=\"616\" width=\"598\" title=\"CREATOR: gd-jpeg v1.0 (using IJG JPEG v80), quality = 82\" onerror=\"this.style.display='none'\" loading='lazy' \/>\n\t<h2>Skeniranje vi\u0161e dijelova istovremeno<\/h2>\n<p>Mjerenje vi\u0161e dijelova u isto vrijeme jedna je od naju\u010dinkovitijih zna\u010dajki METROTOM 1. Formula je jednostavna: velike koli\u010dine uzoraka uz optimalno kori\u0161tenje mjernog volumena. Rezultat: br\u017ee vrijeme skeniranja po pojedinom dijelu, bez kompromisa u kvaliteti. ZEISS INSPECT automatski odvaja i procjenjuje pojedina\u010dne dijelove tako da su rezultati brzo dostupni u formi mjernog izvje\u0161taja.<\/p>\n\t<h2>Provjerite unutarnje strukture i nedostatke uzoraka<\/h2>\n<p>CT ZEISS METROTOM 1 i ZEISS INSPECT softver vas vode korak po korak kroz kompletan proces mjerenja. S vizualizacijom volumena i analizom podataka skeniranja, mo\u017eete pregledati sve dimenzije uzorka, \u010dak i one koje su skrivene. Skeniranjem svih unutarnjih i vanjskih struktura olak\u0161ava se i proces povratnog in\u017eenjeringa do izrade kona\u010dnog dijela.<\/p>\n<p>Jednostavno i u\u010dinkovito, sa samo jednim skenom, METROTOM 1 je tu za:<\/p>\n<ul>\n<li>3D skeniranje malih i srednjih dijelova<\/li>\n<li>Precizno mjerenje<\/li>\n<li>Provjeru i osiguranje kvalitete<\/li>\n<li>Detaljnu analizu \u0161karta<\/li>\n<li>Provjeru komponenti u odnosu na CAD model<\/li>\n<\/ul>\n\t\t\t\t<img decoding=\"async\" src=\"https:\/\/3d-skeneri.com\/wp-content\/uploads\/2024\/05\/Metrotom_1_i_ZEISS_Inspect_vode_vas_kroz_proces_mjerenja.jpg\" alt=\"CREATOR: gd-jpeg v1.0 (using IJG JPEG v80), quality = 82\" itemprop=\"image\" height=\"1024\" width=\"936\" title=\"CREATOR: gd-jpeg v1.0 (using IJG JPEG v80), quality = 82\" onerror=\"this.style.display='none'\" loading='lazy' \/>\n\t\t\t\t<img decoding=\"async\" src=\"https:\/\/3d-skeneri.com\/wp-content\/uploads\/2024\/05\/kopjuterizirana_tomografija_CT_Metrotom_1.jpg\" alt=\"CREATOR: gd-jpeg v1.0 (using IJG JPEG v80), quality = 82\" itemprop=\"image\" height=\"688\" width=\"1024\" title=\"CREATOR: gd-jpeg v1.0 (using IJG JPEG v80), quality = 82\" onerror=\"this.style.display='none'\" loading='lazy' \/>\n\t<h2>Koncept cjelovitog rje\u0161enja<\/h2>\n<p>Napon, snaga, vrijeme ekspozicije i broj koraka mjerenja neki su od va\u017enih mjernih parametara ra\u010dunalne tomografije odnosno CT-a. Uz ZEISS INSPECT softver, CT ZEISS METROTOM 1 dolazi i sa automatskim odre\u0111ivanjem vrijednosti za navedene parametre. Softver nudi optimalne po\u010detne vrijednosti kako bi pojednostavili pode\u0161avanje sustava i proces skeniranja. METROTOM 1 je cjelovito rje\u0161enje na koje se mo\u017eete osloniti jer osigurava jednostavno rukovanje, brzu digitalizaciju i intuitivne funkcije analize dobivenih podataka.<\/p>\n\t\t\t\t\t\t\t\t<h4>\n\t\t\t\t\t\t\t\t\tKontrola kvalitete izvana prema unutra\n\t\t\t\t\t\t\t\t\t\t\t\t\t\t\t\t\t<\/h4>\n\t\t\t\t\t\t\t\t<h4>\n\t\t\t\t\t\t\t\t\tIstra\u017eite u\u010dinkovitu inspekciju\n\t\t\t\t\t\t\t\t\t\t\t\t\t\t\t\t\t<\/h4>\n\t\t\t\t\t\t\t\t<h4>\n\t\t\t\t\t\t\t\t\tVisoko precizni rezultati mjerenja\n\t\t\t\t\t\t\t\t\t\t\t\t\t\t\t\t\t<\/h4>\n\t\t\t\t\t\t\t\t<h4>\n\t\t\t\t\t\t\t\t\tJednostavna intuitivna uporaba\n\t\t\t\t\t\t\t\t\t\t\t\t\t\t\t\t\t<\/h4>\n\t\t\t\t\t\t\t\t<h4>\n\t\t\t\t\t\t\t\t\t3D digitalizacija plasti\u010dnih komponenti\n\t\t\t\t\t\t\t\t\t\t\t\t\t\t\t\t\t<\/h4>\n<h1>\n\t\t\tZna\u010dajke\t<\/h1>\n\t\t\t\t<img decoding=\"async\" src=\"https:\/\/3d-skeneri.com\/wp-content\/uploads\/2024\/05\/Aktivno_balansiranje_temperature_precizni_rezultati_Metrotom_1.jpg\" alt=\"CREATOR: gd-jpeg v1.0 (using IJG JPEG v80), quality = 82\" itemprop=\"image\" height=\"688\" width=\"1024\" title=\"CREATOR: gd-jpeg v1.0 (using IJG JPEG v80), quality = 82\" onerror=\"this.style.display='none'\" loading='lazy' \/>\n\t<h2>Aktivno temperiranje za precizne rezultate<\/h2>\n<p>CT ZEISS METROTOM 1 je razvijen za rad u razli\u010ditim uvjetima &#8211; osim robusnog dizajna, za\u0161ti\u0107en je i od promjena unutarnje temperature. Aktivni sustav hla\u0111enja ga odr\u017eava na jednakoj temperaturi unutar i izvan sustava, kako bi se sprije\u010dila deformacija dijelova zbog varijacija u temperaturi. METROTOM 1 je stabilan, izdr\u017eljiv sustav ispunjen najsuvremenijom tehnologijom.<\/p>\n\t\t\t\t<img decoding=\"async\" src=\"https:\/\/3d-skeneri.com\/wp-content\/uploads\/2024\/05\/ZEISS_Inspect_za_optimalne_rezultate.jpg\" alt=\"CREATOR: gd-jpeg v1.0 (using IJG JPEG v80), quality = 82\" itemprop=\"image\" height=\"1024\" width=\"936\" title=\"CREATOR: gd-jpeg v1.0 (using IJG JPEG v80), quality = 82\" onerror=\"this.style.display='none'\" loading='lazy' \/>\n\t<h2>Optimalni rezultati uz ZEISS INSPECT<\/h2>\n<p>CT METROTOM 1 koristi ZEISS INSPECT, sveobuhvatno softversko rje\u0161enje usmjereno na korisnika koje definira standarde u 3D mjeriteljstvu. Sna\u017ene funkcije kao \u0161to su vizualizacija i inspekcija volumena, dimenzionalna metrologija, statisti\u010dka analiza i usporedba, detekcija deformacija i sl. \u010dine ga savr\u0161enim alatom za iskori\u0161tavanje mogu\u0107nosti METROTOM 1 sustava.<\/p>\n\t\t\t<a  href=\"https:\/\/www.zeiss.com\/metrology\/products\/software\/inspect\/x-ray.html\" target=\"_blank\" role=\"button\" rel=\"noopener\">\n\t\t\t\t\t\tSaznajte vi\u0161e\n\t\t<\/a>\n\t\t\t\t<img decoding=\"async\" src=\"https:\/\/3d-skeneri.com\/wp-content\/uploads\/2024\/05\/znacajke_metrotoma_1_prilagodjena_razlucivost_brze_skeniranje.jpg\" alt=\"CREATOR: gd-jpeg v1.0 (using IJG JPEG v80), quality = 82\" itemprop=\"image\" height=\"1024\" width=\"936\" title=\"CREATOR: gd-jpeg v1.0 (using IJG JPEG v80), quality = 82\" onerror=\"this.style.display='none'\" loading='lazy' \/>\n\t<h2>Razli\u010dite aplikacije imaju razli\u010dite zahtjeve<\/h2>\n<p>Mjerni volumen od 165 x 140 mm, koji se mo\u017ee digitalno fino podesiti, omogu\u0107ava \u0161iroku primjenu sustava. U isto je vrijeme mogu\u0107e prilagoditi i razlu\u010divost skeniranja kako biste ubrzali kompletan proces mjerenja a \u0161to rezultira kra\u0107im vremenom skeniranja, prilago\u0111enog va\u0161im potrebama.<\/p>\n\t\t\t\t<img decoding=\"async\" src=\"https:\/\/3d-skeneri.com\/wp-content\/uploads\/2024\/05\/precizni_rezultati_mjerenja_metrotom_1.jpg\" alt=\"CREATOR: gd-jpeg v1.0 (using IJG JPEG v80), quality = 82\" itemprop=\"image\" height=\"1024\" width=\"936\" title=\"CREATOR: gd-jpeg v1.0 (using IJG JPEG v80), quality = 82\" onerror=\"this.style.display='none'\" loading='lazy' \/>\n\t<h2>Precizni rezultati mjerenja<\/h2>\n<p>Svaki CT ZEISS METROTOM 1 sustav prolazi detaljnu provjeru to\u010dnosti &#8211; tijekom proizvodnje i dodatno nakon instalacije na licu mjesta. Provjera to\u010dnosti provodi se pomo\u0107u kalibriranog artefakta certificiranog od strane DAkkS-a. Krajnji korisnik mo\u017ee samostalno napraviti rekalibraciju na licu mjesta, u bilo kojem trenutku, uz pomo\u0107 kalibracijskog objekta koji se isporu\u010duje uz sustav.<\/p>\n<h1>\n\t\t\tDodatna oprema\t<\/h1>\n\t\t\t\t<img decoding=\"async\" src=\"https:\/\/3d-skeneri.com\/wp-content\/uploads\/2024\/05\/Metrotom_1_oprema.jpg\" alt=\"CREATOR: gd-jpeg v1.0 (using IJG JPEG v80), quality = 82\" itemprop=\"image\" height=\"688\" width=\"1024\" title=\"CREATOR: gd-jpeg v1.0 (using IJG JPEG v80), quality = 82\" onerror=\"this.style.display='none'\" loading='lazy' \/>\n\t<h3>\u00a0CT ZEISS METROTOM 1 opremljen je sa :<\/h3>\n<ul>\n<li>Kalibracijskim objektom<\/li>\n<li>Sustavom za kontinuirano skeniranje<\/li>\n<li>Radnom stanicom<\/li>\n<li>Softverom ZEISS INSPECT<\/li>\n<li>2.5k detektorom<\/li>\n<li>Izvorom X-zraka od 160 kV<\/li>\n<li>Temperirana radna komora<\/li>\n<li>Automatskim rotacijskim stolom, kapaciteta 5 kg<\/li>\n<li>Sustavom za aktivnu kontrolu temperature<\/li>\n<\/ul>\n<h1>\n\t\t\tPrimjena\t<\/h1>\n\t<h3>Neograni\u010dena podru\u010dja upotrebe<\/h3>\n<p>Bilo da se radi o srednjim ili malim plasti\u010dnim dijelovima poput plasti\u010dnih \u010depova, konektora, vo\u0161tanih jezgri i sli\u010dno, uz kompaktni sustav CT ZEISS METROTOM 1 granice ne postoje. Sna\u017ean i svestran, idealno je rje\u0161enje za tvrtke koje trebaju analizirati male do srednje velike serije.<\/p>\n\t<h3>\u0160irok raspon primjene sustava<\/h3>\n<p><strong>Kontrola kvalitete i inspekcija<\/strong><\/p>\n<ul>\n<li>Usporedba sa CAD modelom<\/li>\n<li>Mjerenje dimenzija<\/li>\n<li>Pregled u presjeku na bilo kojoj dubini uzorka<\/li>\n<li>Analiza raspodjele debljine stijenke<\/li>\n<li>Funcionalno dimenzioniranje i ispitivanje prvih uzoraka<\/li>\n<\/ul>\n<p><strong>Izrada alata i kalupa<\/strong><\/p>\n<ul>\n<li>Skeniranjem uzoraka proizvedenih kori\u0161tenjem razli\u010ditih parametara do ispravnog prvog komada<\/li>\n<li>Smanjenje broja iteracija u radnim procesima<\/li>\n<li>Pratite proizvodni proces brzom analizom vi\u0161e dijelova u isto vrijeme<\/li>\n<li>Digitalizacija nakon odobrenja alata<\/li>\n<li>Kompenzacija iskrivljenja komponente<\/li>\n<\/ul>\n<p><strong>Razvoj i dizajn proizvoda<\/strong><\/p>\n<ul>\n<li>Ispitajte zahtjevne proizvode poput prozirnih predmeta i mekanih polimera<\/li>\n<li>Funkcionalna analiza i analiza gre\u0161aka u sklopu<\/li>\n<li>Nedestruktivna analiza defekata materijala, npr. lunkeri, pukotine i sl.<\/li>\n<li>Povratni in\u017eenjering postoje\u0107ih dijelova<\/li>\n<li>Potvrda dizajna<\/li>\n<\/ul>\n\t\t\t\t<img decoding=\"async\" src=\"https:\/\/3d-skeneri.com\/wp-content\/uploads\/2024\/05\/metrotom_1_neogranicena_upotreba.jpg\" alt=\"CREATOR: gd-jpeg v1.0 (using IJG JPEG v80), quality = 82\" itemprop=\"image\" height=\"688\" width=\"1024\" title=\"CREATOR: gd-jpeg v1.0 (using IJG JPEG v80), quality = 82\" onerror=\"this.style.display='none'\" loading='lazy' \/>\n\t\t\t\t<img decoding=\"async\" src=\"https:\/\/3d-skeneri.com\/wp-content\/uploads\/2024\/05\/sirok_raspon_primjene_Metrotom_1.jpg\" alt=\"CREATOR: gd-jpeg v1.0 (using IJG JPEG v80), quality = 82\" itemprop=\"image\" height=\"688\" width=\"1024\" title=\"CREATOR: gd-jpeg v1.0 (using IJG JPEG v80), quality = 82\" onerror=\"this.style.display='none'\" loading='lazy' \/>\n\t\t\t\t<img decoding=\"async\" src=\"https:\/\/3d-skeneri.com\/wp-content\/uploads\/2024\/05\/metrotom-1-razvoj_i_dizajn.jpg\" alt=\"metrotom-1-razvoj_i_dizajn\" itemprop=\"image\" height=\"1080\" width=\"1920\" title=\"metrotom-1-razvoj_i_dizajn\" onerror=\"this.style.display='none'\" loading='lazy' \/>\n\t\t<iframe loading=\"lazy\" width=\"1333\" height=\"750\" src=\"https:\/\/www.youtube.com\/embed\/iign4Ky99pY\" title=\"YouTube video player\" frameborder=\"0\" allow=\"accelerometer; autoplay; clipboard-write; encrypted-media; gyroscope; picture-in-picture\" allowfullscreen><\/iframe>\t\n\t<h1>Tehni\u010dki podaci<\/h1>\n\t<h4>Izvor X-zrake<\/h4>\n\t<p>160 kV<\/p>\n\t<h4>Detektor rendgenskih zraka (pikseli)<\/h4>\n2.5 k (2,500 x 2,500)\n\t<h4>Mjerni volumen<\/h4>\n165 x 140 mm\n\t<h4>Maksimalno dopu\u0161teno odstupanje (MPE SD)<\/h4>\n5 \u00b5m +L\/100\n\t<h4>Dimenzije<\/h4>\n1750 mm (W) x 1820 mm (H) x 870 mm (D)\n\t<h4>Masa<\/h4>\n\t<p>2100 kg<\/p>\n\t<h4>Softver<\/h4>\n\t<p>ZEISS INSPECT<\/p>\n\t<h4>Veli\u010dina voksela<\/h4>\n\t<section data-id=\"49262805\" data-element_type=\"section\">\n<section data-id=\"4081293a\" data-element_type=\"section\">\nod 32,6 \u00b5m\n<\/section>\n<\/section>\n<section data-id=\"336cccc3\" data-element_type=\"section\" data-settings=\"{&quot;background_background&quot;:&quot;classic&quot;}\">\n<\/section>\n\t<h2>\u017delite znati vi\u0161e o 3D skenerima, mjerenju i povratnom in\u017eenjerstvu?<\/h2>\n\t\t\t<a  href=\"https:\/\/3d-skeneri.com\/hr\/zatrazi-ponudu\/\" target=\"_blank\" role=\"button\" rel=\"noopener\">\n\t\t\t\t\t\tPo\u0161aljite upit\n\t\t<\/a>\n\t<h3>Pogledajte na\u0161e najnovije videozapise<\/h3>\n<h4><a href=\"https:\/\/3d-skeneri.com\/hr\/videozapisi\/#Maker_Portraits\">Portreti proizvo\u0111a\u010da<\/a>\u00a0&#8211;\u00a0<a href=\"https:\/\/3d-skeneri.com\/hr\/videozapisi\/#tscanhawk\">T-SCAN hawk 2<\/a>\u00a0&#8211;\u00a0<a href=\"https:\/\/3d-skeneri.com\/hr\/videozapisi\/#GOM_Scan_1\">GOM Scan 1\u00a0<\/a>&#8211;\u00a0<a href=\"https:\/\/3d-skeneri.com\/hr\/videozapisi\/#ATOS_Q\">ATOS Q\u00a0<\/a>&#8211; <a href=\"https:\/\/3d-skeneri.com\/hr\/zeiss_scanport\/\">ZEISS ScanPort<\/a> &#8211;\u00a0<a href=\"https:\/\/3d-skeneri.com\/hr\/videozapisi\/#CT_ZEISS_METROTOM_1\">CT METROTOM 1<\/a>&#8211;\u00a0<a href=\"https:\/\/3d-skeneri.com\/hr\/videozapisi\/#ZEISS_softveri\">ZEISS Softveri<\/a><\/h4>\n<p>&nbsp;<\/p>\n\n","protected":false},"excerpt":{"rendered":"<p>\u0160to se nalazi u unutra\u0161njosti uzorka? CT ZEISS METROTOM 1 donosi jednostavnost kori\u0161tenja, precizne 3D podatke i kontrolu kvalitete vidljivih i nevidljivih povr\u0161ina. Pogledajte video Jedan sken, detaljna analiza Brz, intuitivan i vrlo precizan CT ZEISS METROTOM 1 je va\u0161 pogled u budu\u0107nost: snimite precizne 3D podatke bez pripreme uzoraka. [&hellip;]<\/p>\n","protected":false},"author":11,"featured_media":0,"parent":0,"menu_order":0,"comment_status":"closed","ping_status":"closed","template":"","meta":{"inline_featured_image":false,"footnotes":""},"class_list":["post-9561","page","type-page","status-publish","hentry"],"aioseo_notices":[],"_links":{"self":[{"href":"https:\/\/3d-skeneri.com\/hr\/wp-json\/wp\/v2\/pages\/9561","targetHints":{"allow":["GET"]}}],"collection":[{"href":"https:\/\/3d-skeneri.com\/hr\/wp-json\/wp\/v2\/pages"}],"about":[{"href":"https:\/\/3d-skeneri.com\/hr\/wp-json\/wp\/v2\/types\/page"}],"author":[{"embeddable":true,"href":"https:\/\/3d-skeneri.com\/hr\/wp-json\/wp\/v2\/users\/11"}],"replies":[{"embeddable":true,"href":"https:\/\/3d-skeneri.com\/hr\/wp-json\/wp\/v2\/comments?post=9561"}],"version-history":[{"count":50,"href":"https:\/\/3d-skeneri.com\/hr\/wp-json\/wp\/v2\/pages\/9561\/revisions"}],"predecessor-version":[{"id":11098,"href":"https:\/\/3d-skeneri.com\/hr\/wp-json\/wp\/v2\/pages\/9561\/revisions\/11098"}],"wp:attachment":[{"href":"https:\/\/3d-skeneri.com\/hr\/wp-json\/wp\/v2\/media?parent=9561"}],"curies":[{"name":"wp","href":"https:\/\/api.w.org\/{rel}","templated":true}]}}