{"id":8427,"date":"2023-10-04T09:09:05","date_gmt":"2023-10-04T08:09:05","guid":{"rendered":"https:\/\/3d-skeneri.com\/gom-inspect\/"},"modified":"2024-09-20T14:55:08","modified_gmt":"2024-09-20T13:55:08","slug":"zeiss-inspect","status":"publish","type":"page","link":"https:\/\/3d-skeneri.com\/sl\/zeiss-inspect\/","title":{"rendered":"ZEISS INSPECT"},"content":{"rendered":"\n\n\t<h1>Kakovost naredimo vidno<\/h1>\n<p>ZEISS INSPECT: 3D-merilna programska oprema, ki je enostavna za uporabo<\/p>\n\t\t\t<a href=\"https:\/\/youtu.be\/8x7OU_3iwAU\" target=\"_self\" role=\"button\" data-popup-type=\"iframe\" rel=\"noopener\">\n\t\t\t\t\t\tOglejte si video\n\t\t<\/a>\n\t\t\t\t<img loading=\"lazy\" decoding=\"async\" src=\"https:\/\/3d-skeneri.com\/wp-content\/uploads\/2024\/03\/ZEISS_Inspect_Optical_3D_mjeriteljski_softver-1.jpg\" alt=\"ZEISS_Inspect_Optical_3D_mjeriteljski_softver\" itemprop=\"image\" height=\"576\" width=\"1024\" title=\"ZEISS_Inspect_Optical_3D_mjeriteljski_softver\" onerror=\"this.style.display='none'\"  \/>\n<h1>\n\t\tPoenostavlja delo, ne glede na to, kako zapleteno je\n\t<\/h1>\n\t\t\t\t<img loading=\"lazy\" decoding=\"async\" src=\"https:\/\/3d-skeneri.com\/wp-content\/uploads\/2024\/03\/ZEISS_Inspect_Optical_3D_mjeriteljski_softver-1.jpg\" alt=\"ZEISS_Inspect_Optical_3D_mjeriteljski_softver\" itemprop=\"image\" height=\"576\" width=\"1024\" title=\"ZEISS_Inspect_Optical_3D_mjeriteljski_softver\" onerror=\"this.style.display='none'\"  \/>\n\t<h2>Vsestranski in usmerjen k uporabniku<\/h2>\n<p>Z ZEISS Inspect lahko brez napora opravite tako preproste kot zapletene merilne naloge v celotnem postopku pregleda: od 3D-opti\u010dnega branja dela, ki ga \u017eelite pregledati, do urejanja poligonizirane mre\u017ee, uvoza CAD, izvajanja analize geometrije, dimenzij in odstopanj, digitalnega sestavljanja in va\u0161ih specifi\u010dnih merilnih nalog.<\/p>\n\t<iframe loading=\"lazy\" width=\"1333\" height=\"750\" src=\"https:\/\/www.youtube.com\/embed\/8x7OU_3iwAU\" title=\"YouTube video player\" frameborder=\"0\" allow=\"accelerometer; autoplay; clipboard-write; encrypted-media; gyroscope; picture-in-picture; web-share\" allowfullscreen><\/iframe>\n\t\t\t\t<img decoding=\"async\" src=\"http:\/\/3d-skeneri.com\/staging\/\/wp-content\/uploads\/2021\/03\/solutions_gominspect_highlights_01.jpg\" alt=\"solutions_gominspect_highlights_01\" itemprop=\"image\" title=\"solutions_gominspect_highlights_01\" onerror=\"this.style.display='none'\"  \/>\n\t<h2>Vse, kar potrebujete za uspe\u0161en za\u010detek<\/h2>\n<p>Z ZEISS Inspect lahko preprosto in intuitivno vizualizirate pregledane povr\u0161ine med celotnim postopkom pregleda. Na voljo je tudi \u0161irok nabor geometrijskih analiz, dimenzij in odstopanj ter funkcij poro\u010danja. Programska oprema se uporablja pri nadzoru kakovosti, razvoju izdelkov in proizvodnji za pregled 3D-merilnih podatkov, ki jih zabele\u017eijo opti\u010dni bralniki strukturirane svetlobe, laserski opti\u010dni bralniki, naprave za merjenje koordinat in druge merilne naprave. Registrirajte se zdaj in za\u010dnite uporabljati vsestranski komplet brezpla\u010dnih funkcij pregleda: uvozite lahko podatke CAD, ustvarite poligonizirane mre\u017ee iz oblakov to\u010dk, izvedete 3D-preglede in preprosto sestavite svoje rezultate v lahko razumljiva poro\u010dila.<\/p>\n<h2 id=\"En sam programski vmesnik za vse va\u0161e zahtevne meritve\" \nclass=\"title_title__144Xk\">En sam programski vmesnik za vse va\u0161e zahtevne meritve<\/h2>\n<p>GOM Inspect podpira vsak potek va\u0161ega dela: lahko opti\u010dno preberete, pregledate in analizirate &#8211; vse ob pomo\u010di ene programske opreme. GOM Inspect zdru\u017euje razli\u010dne aplikacije znotraj enega uporabni\u0161kega vmesnika: za celovit potek dela ter enoten videz in ob\u010dutek<\/p>\n\t\t\t\t<img decoding=\"async\" src=\"http:\/\/3d-skeneri.com\/staging\/\/wp-content\/uploads\/2021\/03\/solutions_gominspect_highlights_02.jpeg\" alt=\"solutions_gominspect_highlights_02\" itemprop=\"image\" title=\"solutions_gominspect_highlights_02\" onerror=\"this.style.display='none'\"  \/>\n\t<h2>Programska oprema, ki se prilagaja va\u0161im zahtevam<\/h2>\n\t<h4>ZEISS INSPECT<br \/>\n<em>Viewer<\/em><\/h4>\n\t<h4>ZEISS INSPECT Optical 3D<br \/>\nBrezpla\u010dne funkcije<\/h4>\n\t<h4>ZEISS INSPECT Optical 3D<br \/>\nPolna razli\u010dica<\/h4>\n\t<h4>Urejanje projektov<\/h4>\n\t<p><img loading=\"lazy\" decoding=\"async\" src=\"http:\/\/3d-skeneri.com\/staging\/\/wp-content\/uploads\/2021\/03\/kvacica.jpg\" alt=\"\" width=\"40\" height=\"40\" \/><\/p>\n\t<p><img loading=\"lazy\" decoding=\"async\" src=\"http:\/\/3d-skeneri.com\/staging\/\/wp-content\/uploads\/2021\/03\/kvacica.jpg\" alt=\"\" width=\"40\" height=\"40\" \/><\/p>\n\t<p><img loading=\"lazy\" decoding=\"async\" src=\"http:\/\/3d-skeneri.com\/staging\/\/wp-content\/uploads\/2021\/03\/kvacica.jpg\" alt=\"\" width=\"40\" height=\"40\" \/><\/p>\n\t<h4>Uvoz modelov CAD<\/h4>\n\t<h4><strong>&#8211;<\/strong><\/h4>\n\t<p><img loading=\"lazy\" decoding=\"async\" src=\"http:\/\/3d-skeneri.com\/staging\/\/wp-content\/uploads\/2021\/03\/kvacica.jpg\" alt=\"\" width=\"40\" height=\"40\" \/><\/p>\n\t<p><img loading=\"lazy\" decoding=\"async\" src=\"http:\/\/3d-skeneri.com\/staging\/\/wp-content\/uploads\/2021\/03\/kvacica.jpg\" alt=\"\" width=\"40\" height=\"40\" \/><\/p>\n\t<h4>Urejanje mre\u017ee<\/h4>\n\t<h4><strong>&#8211;<\/strong><\/h4>\n\t<p><img loading=\"lazy\" decoding=\"async\" src=\"http:\/\/3d-skeneri.com\/staging\/\/wp-content\/uploads\/2021\/03\/kvacica.jpg\" alt=\"\" width=\"40\" height=\"40\" \/><\/p>\n\t<p><img loading=\"lazy\" decoding=\"async\" src=\"http:\/\/3d-skeneri.com\/staging\/\/wp-content\/uploads\/2021\/03\/kvacica.jpg\" alt=\"\" width=\"40\" height=\"40\" \/><\/p>\n\t<h4>Izdelava poro\u010dil<\/h4>\n\t<h4><strong>&#8211;<\/strong><\/h4>\n\t<p><img loading=\"lazy\" decoding=\"async\" src=\"http:\/\/3d-skeneri.com\/staging\/\/wp-content\/uploads\/2021\/03\/kvacica.jpg\" alt=\"\" width=\"40\" height=\"40\" \/><\/p>\n\t<p><img loading=\"lazy\" decoding=\"async\" src=\"http:\/\/3d-skeneri.com\/staging\/\/wp-content\/uploads\/2021\/03\/kvacica.jpg\" alt=\"\" width=\"40\" height=\"40\" \/><\/p>\n\t<h4>3D-pregled<\/h4>\n\t<h4><strong>&#8211;<\/strong><\/h4>\n\t<p><img loading=\"lazy\" decoding=\"async\" src=\"http:\/\/3d-skeneri.com\/staging\/\/wp-content\/uploads\/2021\/03\/kvacica.jpg\" alt=\"\" width=\"40\" height=\"40\" \/><\/p>\n\t<p><img loading=\"lazy\" decoding=\"async\" src=\"http:\/\/3d-skeneri.com\/staging\/\/wp-content\/uploads\/2021\/03\/kvacica.jpg\" alt=\"\" width=\"40\" height=\"40\" \/><\/p>\n\t<h4>Izvorni podatki CAD<\/h4>\n\t<h4><strong>&#8211;<\/strong><\/h4>\n\t<h4><strong>&#8211;<\/strong><\/h4>\n\t<p><img loading=\"lazy\" decoding=\"async\" src=\"http:\/\/3d-skeneri.com\/staging\/\/wp-content\/uploads\/2021\/03\/kvacica.jpg\" alt=\"\" width=\"40\" height=\"40\" \/><\/p>\n\t<h4>Parametrski pregled<\/h4>\n\t<h4><strong>&#8211;<\/strong><\/h4>\n\t<h4><strong>&#8211;<\/strong><\/h4>\n\t<p><img loading=\"lazy\" decoding=\"async\" src=\"http:\/\/3d-skeneri.com\/staging\/\/wp-content\/uploads\/2021\/03\/kvacica.jpg\" alt=\"\" width=\"40\" height=\"40\" \/><\/p>\n\t<h4>Analiza trendov<\/h4>\n\t<h4><strong>&#8211;<\/strong><\/h4>\n\t<h4><strong>&#8211;<\/strong><\/h4>\n\t<p><img loading=\"lazy\" decoding=\"async\" src=\"http:\/\/3d-skeneri.com\/staging\/\/wp-content\/uploads\/2021\/03\/kvacica.jpg\" alt=\"\" width=\"40\" height=\"40\" \/><\/p>\n\t<h4>Uporaba programskih skriptov<\/h4>\n\t<h4><strong>&#8211;<\/strong><\/h4>\n\t<h4><strong>&#8211;<\/strong><\/h4>\n\t<p><img loading=\"lazy\" decoding=\"async\" src=\"http:\/\/3d-skeneri.com\/staging\/\/wp-content\/uploads\/2021\/03\/kvacica.jpg\" alt=\"\" width=\"40\" height=\"40\" \/><\/p>\n\t<h4>Digitalna monta\u017ea<\/h4>\n\t<h4><strong>&#8211;<\/strong><\/h4>\n\t<h4><strong>&#8211;<\/strong><\/h4>\n\t<p><img loading=\"lazy\" decoding=\"async\" src=\"http:\/\/3d-skeneri.com\/staging\/\/wp-content\/uploads\/2021\/03\/kvacica.jpg\" alt=\"\" width=\"40\" height=\"40\" \/><\/p>\n\t<h3>ZEISS INSPECT Viewer<\/h3>\n<p>Nalo\u017eite obstoje\u010de projekte in izvedite osnovne preglede z uporabo ZEISS INSPECT<em>\u00a0Viewer<\/em>. Prevzemite ZEISS <em>Quality Suite<\/em> in uporabite funkcijo pregledovalnika (<em>viewer<\/em>) ZEISS INSPECTA.<\/p>\n<p>&nbsp;<\/p>\n\t\t\t<a href=\"https:\/\/zeiss.ly\/download-zqs\" target=\"_blank\" role=\"button\" rel=\"noopener\">\n\t\t\t\t\t\tPrenos\n\t\t<\/a>\n\t<h3>Za\u010dnite delo z brezpla\u010dno razli\u010dico<\/h3>\n<p>Vklju\u010duje 14-dnevni preskus opreme ZEISS INSPECT.<\/p>\n<p>&nbsp;<\/p>\n\t\t\t<a href=\"https:\/\/zeiss.ly\/download-zqs\" target=\"_blank\" role=\"button\" rel=\"noopener\">\n\t\t\t\t\t\tPrenos\n\t\t<\/a>\n\t<h3>ZEISS INSPECT Optical 3D<\/h3>\n<p>Brezpla\u010dno 14-dnevno poskusno obdobje.\u200b<\/p>\n<p>&nbsp;<\/p>\n\t\t\t<a href=\"https:\/\/zeiss.ly\/download-zqs\" target=\"_blank\" role=\"button\" rel=\"noopener\">\n\t\t\t\t\t\tPrenos\n\t\t<\/a>\n\t\t\t\t<img decoding=\"async\" src=\"http:\/\/3d-skeneri.com\/staging\/\/wp-content\/uploads\/2021\/03\/ikona-150x150.png\" alt=\"ikona\" itemprop=\"image\" title=\"ikona\" onerror=\"this.style.display='none'\"  \/>\n\t<h1>Testirano in odobreno za visoko natan\u010dnost<\/h1>\n<p><em>Physikalisch-Technische Bundesanstalt<\/em> (PTB) in Nacionalni in\u0161titut za standarde in tehnologijo (NIST) sta testirala natan\u010dnost programske opreme ZEISS INSPECT s primerjavo z referen\u010dnimi rezultati. Rezultat: programska oprema ZEISS INSPECT je izvrstna v kategoriji z najmanj\u0161im odstopanjem meritev (razred 1).<\/p>\n\t<h2>Oglejte si primer uporabe programske opreme ZEISS Inspect v tem videu<\/h2>\n\t<iframe loading=\"lazy\" width=\"1333\" height=\"750\" src=\"https:\/\/www.youtube.com\/embed\/kQSVvvE5akM\" title=\"YouTube video player\" frameborder=\"0\" allow=\"accelerometer; autoplay; clipboard-write; encrypted-media; gyroscope; picture-in-picture; web-share\" allowfullscreen><\/iframe>\n\t<h1>Ali \u017eelite izvedeti ve\u010d?<\/h1>\n<p>Mi vemo najve\u010d o 3D-opti\u010dnem branju.<\/p>\n\t\t\t<a href=\"https:\/\/3d-skeneri.com\/hr\/zatrazi-ponudu\/\" target=\"_self\" role=\"button\" rel=\"noopener\">\n\t\t\t\t\t\tZatra\u017eite ponudu\n\t\t<\/a>\n\t<h3>Oglejte si na\u0161e najnovej\u0161e videe<\/h3>\n<h4> <a href=\"https:\/\/3d-skeneri.com\/sl\/videozapisi\/#Maker_Portraits\">Maker Portraits<\/a> &#8211;  <a href=\"https:\/\/3d-skeneri.com\/sl\/videozapisi\/#tscanhawk\">T-SCAN hawk 2<\/a> &#8211;  <a href=\"https:\/\/3d-skeneri.com\/sl\/videoposnetki\/#GOM_Scan_1\">GOM Scan 1<\/a> &#8211;  <a href=\"https:\/\/3d-skeneri.com\/sl\/videoposnetki\/#ATOS_Q\">ATOS Q<\/a> &#8211;  <a href=\"https:\/\/3d-skeneri.com\/sl\/videoposnetki\/#ZEISS_INSPECT\">ZEISS INSPECT<\/a> <\/h4>\n\n","protected":false},"excerpt":{"rendered":"<p>Kakovost naredimo vidno ZEISS INSPECT: 3D-merilna programska oprema, ki je enostavna za uporabo Oglejte si video Poenostavlja delo, ne glede na to, kako zapleteno je Vsestranski in usmerjen k uporabniku Z ZEISS Inspect lahko brez napora opravite tako preproste kot zapletene merilne naloge v celotnem postopku pregleda: od 3D-opti\u010dnega branja [&hellip;]<\/p>\n","protected":false},"author":2,"featured_media":0,"parent":0,"menu_order":0,"comment_status":"closed","ping_status":"closed","template":"","meta":{"inline_featured_image":false,"footnotes":""},"class_list":["post-8427","page","type-page","status-publish","hentry"],"aioseo_notices":[],"_links":{"self":[{"href":"https:\/\/3d-skeneri.com\/sl\/wp-json\/wp\/v2\/pages\/8427","targetHints":{"allow":["GET"]}}],"collection":[{"href":"https:\/\/3d-skeneri.com\/sl\/wp-json\/wp\/v2\/pages"}],"about":[{"href":"https:\/\/3d-skeneri.com\/sl\/wp-json\/wp\/v2\/types\/page"}],"author":[{"embeddable":true,"href":"https:\/\/3d-skeneri.com\/sl\/wp-json\/wp\/v2\/users\/2"}],"replies":[{"embeddable":true,"href":"https:\/\/3d-skeneri.com\/sl\/wp-json\/wp\/v2\/comments?post=8427"}],"version-history":[{"count":11,"href":"https:\/\/3d-skeneri.com\/sl\/wp-json\/wp\/v2\/pages\/8427\/revisions"}],"predecessor-version":[{"id":10181,"href":"https:\/\/3d-skeneri.com\/sl\/wp-json\/wp\/v2\/pages\/8427\/revisions\/10181"}],"wp:attachment":[{"href":"https:\/\/3d-skeneri.com\/sl\/wp-json\/wp\/v2\/media?parent=8427"}],"curies":[{"name":"wp","href":"https:\/\/api.w.org\/{rel}","templated":true}]}}