{"id":8559,"date":"2023-10-31T16:23:25","date_gmt":"2023-10-31T15:23:25","guid":{"rendered":"https:\/\/3d-skeneri.com\/domaca-stran\/"},"modified":"2024-09-20T13:37:54","modified_gmt":"2024-09-20T12:37:54","slug":"domaca-stran","status":"publish","type":"page","link":"https:\/\/3d-skeneri.com\/sl\/","title":{"rendered":"Doma\u010da stran"},"content":{"rendered":"\n\n\t<h3>Poi\u0161\u010dite navdih in izvedite vse o 3D-skenerjih in 3D-in\u0161pekciji.<a href=\"https:\/\/topomatika.si\/\" target=\"_blank\" rel=\"noopener\">Topomatika<\/a> i #HandsOnMetrology vas vodi v svet 3D-opti\u010dnega skeniranja.<\/h3>\n\t<h3>\n\t\t\t\t\tNajnovej\u0161i video posnetki\n\t\t\t\t<\/h3>\n\t<h2>\n\t\t\t\t\tDobrodo\u0161li na platformi, namenjeni 3D skeniranju\n\t\t\t\t<\/h2>\n\tTo spletno mesto je dom 3D-opti\u010dnega skeniranja in vsebuje vse, kar ste si kdaj \u017eeleli vedeti o 3D-opti\u010dnem skeniranju. Od navodil po korakih, prek naprednej\u0161ih vaj, do trikov za strokovnjake. To je platforma za u\u010denje. Za navdih. In za pomo\u010d, ki jo potrebujete, da bi dosegli odli\u010dnost pri 3D-opti\u010dnem skeniranju.<br \/>\nTa platforma je pripravljena za vas.\n<h2>\n\t\t<a href=\"https:\/\/3d-skeneri.com\/sl\/pregled\/\" title=\"I\u0161\u010dete re\u0161itev za 3D-opti\u010dno skeniranje?\" target=\"_self\" rel=\"noopener\">\n\t\tI\u0161\u010dete re\u0161itev za 3D-opti\u010dno skeniranje?\n\t\t<\/a>\n\t<\/h2>\n\t<p>Dovolite, da vas napotimo v pravo smer.<\/p>\n\t\t\t<a href=\"https:\/\/3d-skeneri.com\/sl\/stik\/\" target=\"_self\" role=\"button\" rel=\"noopener\">\n\t\t\t\t\t\tStopite v stik z nami\n\t\t<\/a>\n\t\t\t\t<a href=\"https:\/\/3d-skeneri.com\/sl\/pregled\/\" target=\"_blank\" rel=\"noopener\" itemprop=\"url\">\n\t\t\t\t<img loading=\"lazy\" decoding=\"async\" src=\"https:\/\/3d-skeneri.com\/wp-content\/uploads\/2023\/07\/Rucni_laserski_skener_T-SCAN-hawk_2_kontrola_kvalitete.jpg\" alt=\"Rucni_laserski_skener_T-SCAN-hawk_2_kontrola_kvalitete\" itemprop=\"image\" height=\"500\" width=\"750\" title=\"Rucni_laserski_skener_T-SCAN-hawk_2_kontrola_kvalitete\" onerror=\"this.style.display='none'\"  \/>\n\t\t\t\t<\/a>\n\t<h3>\n\t\t\t\t\tV fokusu: skeniranje v zahtevnem okolju\n\t\t\t\t<\/h3>\n\t\t\t\t<img loading=\"lazy\" decoding=\"async\" src=\"https:\/\/3d-skeneri.com\/wp-content\/uploads\/2023\/07\/Rucni_laserski_skener_T-SCAN_hawk_2_ljevaonica_jezgra_skeniranje_lijevanja.jpg\" alt=\"Rucni_laserski_skener_T-SCAN_hawk_2_ljevaonica_jezgra_skeniranje_lijevanja\" itemprop=\"image\" height=\"433\" width=\"770\" title=\"Rucni_laserski_skener_T-SCAN_hawk_2_ljevaonica_jezgra_skeniranje_lijevanja\" onerror=\"this.style.display='none'\"  \/>\n\t<p>Kako?<\/p>\n<h2>\n\t\tKako uporabljati prenosni 3D-opti\u010dni skener v proizvodnem okolju\n\t<\/h2>\n\t\t\t<a href=\"https:\/\/youtu.be\/6gTdr1DI9Ss\" target=\"_self\" role=\"button\" data-popup-type=\"iframe\" rel=\"noopener\">\n\t\t\t\t\t\tOglejte si video\n\t\t<\/a>\n\t<h3>\n\t\t\t\t\tVe\u010d video posnetkov\n\t\t\t\t<\/h3>\n\t<p><strong>Pridru\u017eite se na\u0161emu e-po\u0161tnemu seznamu<\/strong><\/p>\n<h2>\n\t\tBodite prvi, ki boste izvedeli novosti iz sveta 3D-opti\u010dnega branja\n\t<\/h2>\n\t<p class=\"wpcf7-contact-form-not-found\"><strong>Error:<\/strong> Contact form not found.<\/p>\n<h3>\n\t\tKateri 3D-opti\u010dni skener je najbolj\u0161a izbira za vas?\n\t<\/h3>\n\t\t\t\t<img loading=\"lazy\" decoding=\"async\" src=\"https:\/\/3d-skeneri.com\/wp-content\/uploads\/2023\/07\/Rucni_laserski_skener_T-SCAN_hawk_2_pravi_skener.jpg\" alt=\"Ru\u010dni_laserski_skener_T-SCAN_hawk_2_pravi_skener\" itemprop=\"image\" height=\"1024\" width=\"768\" title=\"Ru\u010dni_laserski_skener_T-SCAN_hawk_2_pravi_skener\" onerror=\"this.style.display='none'\"  \/>\n<h4>\n\t\tZEISS T-SCAN hawk 2\n\t<\/h4>\n\t<p>Lahek in izjemno enostaven za uporabo: va\u0161a prenosna re\u0161itev za metrolo\u0161ko natan\u010dno 3D-opti\u010dno skeniranje in 3D-pregled.<\/p>\n\t\t\t<a href=\"https:\/\/3d-skeneri.com\/sl\/t-scan-hawk-2\/\" target=\"_self\" role=\"button\" rel=\"noopener\">\n\t\t\t\t\t\tIzvedite ve\u010d\n\t\t<\/a>\n\t<h2><strong>Ali potrebujete 3D-opti\u010dni skener?<\/strong><\/h2>\n\t\t\t<a href=\"https:\/\/3d-skeneri.com\/sl\/zahtevajte-ponudbo\/\" target=\"_self\" role=\"button\" rel=\"noopener\">\n\t\t\t\t\t\tZahtevajte ponudbo\n\t\t<\/a>\n\t\t\t\t<img loading=\"lazy\" decoding=\"async\" src=\"https:\/\/3d-skeneri.com\/wp-content\/uploads\/2023\/07\/3D_skener_gom_scan_1_plavo_svjetlo.jpeg\" alt=\"3D_skener_gom_scan_1_plavo_svjetlo\" itemprop=\"image\" height=\"1024\" width=\"768\" title=\"3D_skener_gom_scan_1_plavo_svjetlo\" onerror=\"this.style.display='none'\"  \/>\n<h4>\n\t\tGOM Scan 1\n\t<\/h4>\n\t<p>Ustvarjen za odpiranje novih mo\u017enosti: kompakten, prenosen in vsestranski 3D-opti\u010dni skener za natan\u010dne mre\u017ee in velike zamisli.<\/p>\n\t\t\t<a href=\"https:\/\/3d-skeneri.com\/sl\/gom-scan-1\/\" target=\"_self\" role=\"button\" rel=\"noopener\">\n\t\t\t\t\t\tIzvedite ve\u010d\n\t\t<\/a>\n\t\t\t\t<img loading=\"lazy\" decoding=\"async\" src=\"https:\/\/3d-skeneri.com\/wp-content\/uploads\/2024\/09\/3D_opticki_skener_zeiss_atos-q_pravi_skener_1127x845-1.jpg\" alt=\"3D_opticki_skener_zeiss_atos-q_pravi_skener_1127x845\" itemprop=\"image\" height=\"577\" width=\"770\" title=\"3D_opticki_skener_zeiss_atos-q_pravi_skener_1127x845\" onerror=\"this.style.display='none'\"  \/>\n<h4>\n\t\tGOM ATOS Q\n\t<\/h4>\n\t<p>Zanesljiv, vsestranski in posebej razvit za industrijsko uporabo: kompakten in visoko u\u010dinkovit sistem za ro\u010dno in polavtomatsko uporabo.<\/p>\n\t\t\t<a href=\"https:\/\/3d-skeneri.com\/sl\/atos-q\/\" target=\"_self\" role=\"button\" rel=\"noopener\">\n\t\t\t\t\t\tIzvedite ve\u010d\n\t\t<\/a>\n\t<h1><strong>ZEISS INSPECT<\/strong><\/h1>\n<h3>Da kakovost postane vidna<\/h3>\n<p>Preprosta in intuitivna re\u0161itev s celovitim naborom funkcij za pregled: brezpla\u010dno prenesite standard v 3D-programski opremi za merjenje.<\/p>\n\t\t\t<a href=\"https:\/\/gom.link\/81nr\" target=\"_blank\" role=\"button\" rel=\"noopener\">\n\t\t\t\t\t\tPrenesi\n\t\t<\/a>\n\t\t\t<a href=\"https:\/\/3d-skeneri.com\/sl\/gom-inspect\/\" target=\"_self\" role=\"button\" rel=\"noopener\">\n\t\t\t\t\t\tIzvedite ve\u010d\n\t\t<\/a>\n\t\t\t\t<img loading=\"lazy\" decoding=\"async\" src=\"https:\/\/3d-skeneri.com\/wp-content\/uploads\/2024\/03\/ZEISS_Inspect_Optical_3D_mjeriteljski_softver.jpg\" alt=\"ZEISS_Inspect_Optical_3D_mjeriteljski_softver\" itemprop=\"image\" height=\"576\" width=\"1024\" title=\"ZEISS_Inspect_Optical_3D_mjeriteljski_softver\" onerror=\"this.style.display='none'\"  \/>\n<h2>\n\t\t\u017delite vedeti ve\u010d?\n\t<\/h2>\n\t<p>Za ve\u010d informacij se obrnite na na\u0161o ekipo.<\/p>\n\t\t\t<a href=\"https:\/\/3d-skeneri.com\/sl\/zahtevajte-ponudbo\/\" target=\"_self\" role=\"button\" rel=\"noopener\">\n\t\t\t\t\t\tZahtevajte ponudbo ali predstavitev\n\t\t<\/a>\n\t<h4>\n\t\t\t\t\tOglejte si na\u0161e najnovej\u0161e videe\n\t\t\t\t<\/h4>\n\t<h4><a href=\"https:\/\/3d-skeneri.com\/sl\/videoposnetki\/#Maker_Portraits\">Portreti proizvajalcev<\/a>\u00a0&#8211;\u00a0<a href=\"https:\/\/3d-skeneri.com\/sl\/videoposnetki\/#tscanhawk\">T-SCAN hawk 2<\/a>\u00a0&#8211;\u00a0<a href=\"https:\/\/3d-skeneri.com\/sl\/videoposnetki\/#GOM_Scan_1\">GOM Scan 1<\/a>\u00a0&#8211;\u00a0<a href=\"https:\/\/3d-skeneri.com\/sl\/videoposnetki\/#ATOS_Q\">ATOS Q<\/a> &#8211;\u00a0<a href=\"https:\/\/3d-skeneri.com\/sl\/videoposnetki\/#ZEISS_INSPECT\">ZEISS INSPECT<\/a><\/h4>\n\n","protected":false},"excerpt":{"rendered":"<p>Poi\u0161\u010dite navdih in izvedite vse o 3D-skenerjih in 3D-in\u0161pekciji.Topomatika i #HandsOnMetrology vas vodi v svet 3D-opti\u010dnega skeniranja. Najnovej\u0161i video posnetki Dobrodo\u0161li na platformi, namenjeni 3D skeniranju To spletno mesto je dom 3D-opti\u010dnega skeniranja in vsebuje vse, kar ste si kdaj \u017eeleli vedeti o 3D-opti\u010dnem skeniranju. Od navodil po korakih, prek [&hellip;]<\/p>\n","protected":false},"author":1,"featured_media":0,"parent":0,"menu_order":0,"comment_status":"closed","ping_status":"closed","template":"page-templates\/homepage-builder-bb.php","meta":{"inline_featured_image":false,"footnotes":""},"class_list":["post-8559","page","type-page","status-publish","hentry"],"aioseo_notices":[],"_links":{"self":[{"href":"https:\/\/3d-skeneri.com\/sl\/wp-json\/wp\/v2\/pages\/8559","targetHints":{"allow":["GET"]}}],"collection":[{"href":"https:\/\/3d-skeneri.com\/sl\/wp-json\/wp\/v2\/pages"}],"about":[{"href":"https:\/\/3d-skeneri.com\/sl\/wp-json\/wp\/v2\/types\/page"}],"author":[{"embeddable":true,"href":"https:\/\/3d-skeneri.com\/sl\/wp-json\/wp\/v2\/users\/1"}],"replies":[{"embeddable":true,"href":"https:\/\/3d-skeneri.com\/sl\/wp-json\/wp\/v2\/comments?post=8559"}],"version-history":[{"count":11,"href":"https:\/\/3d-skeneri.com\/sl\/wp-json\/wp\/v2\/pages\/8559\/revisions"}],"predecessor-version":[{"id":10170,"href":"https:\/\/3d-skeneri.com\/sl\/wp-json\/wp\/v2\/pages\/8559\/revisions\/10170"}],"wp:attachment":[{"href":"https:\/\/3d-skeneri.com\/sl\/wp-json\/wp\/v2\/media?parent=8559"}],"curies":[{"name":"wp","href":"https:\/\/api.w.org\/{rel}","templated":true}]}}